{"id":76973,"date":"2022-09-28T17:11:17","date_gmt":"2022-09-28T15:11:17","guid":{"rendered":"https:\/\/euro-tax.com\/?page_id=76973"},"modified":"2026-01-26T12:48:29","modified_gmt":"2026-01-26T11:48:29","slug":"politica-de-confidentialitate","status":"publish","type":"page","link":"https:\/\/euro-tax.com\/ro\/politica-de-confidentialitate\/","title":{"rendered":"Politica de confiden\u021bialitate"},"content":{"rendered":"<div class=\"mceContentBody mceFrontEnddefault\">\n    \n      <section id=\"simple-text-block_c228c5cf9b4e4d404423eddd985b3052\" class=\"simple-text lozad\">\n        <div class=\"container\" id=\"\">\n          <div class=\"row\">\n                          <div class=\"content\">\n                <h3 style=\"text-align:center;margin-bottom:50px\">Termeni si conditii Euro-Tax.ro<\/h3>\n<h3>Introducere<\/h3>\n<p>Pentru a ne adapta serviciile \u0219i func\u021bionalitatea paginilor de internet la a\u0219tept\u0103rile Clien\u021biilor folosim tehnologii, care culeg \u0219i prelucreaz\u0103 datele cu caracter personal. Informa\u021biile colectate le folosim, pentru a analiza traficul de pe pagin\u0103 \u0219i pentru a personaliza reclamele \u0219i comunic\u0103rile afi\u0219ate. Datele tale sunt necesare pentru prestarea serviciilor noastre la cel mai \u00eenalt nivel \u0219i pentur dezvoltarea acestora, de aceea avem grij\u0103 de siguran\u021ba lor. Este foarte important pentru noi, ca tu s\u0103 fi pe deplin con\u0219tient cu privire la ac\u021biunile desf\u0103\u0219urate de noi pe baza informa\u021biilor puse la dispozi\u021bie de Tine, de accea te \u00eendemn\u0103m s\u0103 faci cuno\u0219tin\u021b\u0103 cu Politica noastr\u0103 de Confiden\u021bialitate.<\/p>\n<h3>Cele mai importante informa\u021bii<\/h3>\n<p>Administratorul datelor tale cu caracter personal este S.C. Euro-tax.ro Servicii Fiscale Emigran\u0163i S.R.L. cu sediul  \u00een Otopeni  Str. Drumul G\u0103rii Od\u0103i, Nr 1A, Cl\u0103direa Airport Plaza, Et 2, Jud Ilfov, Cod po\u0219tal 719182. Datele tale sunt administrate \u0219i prelucrate \u00een conformitate cu Regulamentul (UE) (2016\/679 din 27 aprilie 2016 privind protec\u021bia persoanelor fizice \u00een ceea ce prive\u0219te prelucrarea datelor cu caracter personal \u0219i privind libera circula\u021bie a acestor date \u0219i de abrogare a Directivei 95\/46\/CE (numit\u0103 \u00een continuare \u201eGDPR\u201d) pe baza consim\u021b\u0103m\u00e2ntului acordat de Tine.<br \/>\nAdministratorul a desemnat-o pe Doamna Mariola Wi\u0119ckowska ca \u0219i Responsabil cu Protec\u021bia Datelor, care poate fi contactat\u0103 \u00een orice problem\u0103 legat\u0103 de protec\u021bia datelor prin trimiterea unui mesaj  la adresa data.protection@euro-tax.ro sau scriind pe adresa po\u0219tal\u0103 a administratorului. Pentru o \u00een\u021belegere mai u\u0219oar\u0103, \u00een continuarea prevederilor Politicii de Confiden\u021bialitate termenul \u201eAdministrator\u201d a fost \u00eenlocuit cu termenul \u201eNoi\u201d, \u201eUtilizator: &#8211; \u201eTu\u201d.<\/p>\n<h3>Ce \u0219tim despre Tine ?<\/h3>\n<p>Datele Tale cu caracter personal sunt culese \u0219i prelucrate numai pe temeiul juridic corespunz\u0103tor, iar sfera lor depinde de tipul de serviciu prestat.<br \/>\nDatele cu caracter personal, pe care le folosim sunt \u00een primul r\u00e2nd: prenumele, numele, num\u0103rul de telefon, adresa de e-mail (op\u021bional, dac\u0103 ne-o transmi\u021bi), adresa IP \u0219i datele cuprinse \u00een mesajul trimis nou\u0103, pe care le primim de la Tine urmare a consim\u021b\u0103m\u00e2ntului benevol. \u00cen cazul continu\u0103rii colabor\u0103rii aceste date vor fi prelucrate p\u00e2n\u0103 la desf\u0103\u0219urarea procedurii de calculare a impozitului \u0219i\/sau ob\u021binere a ajutorului familial pentru munca prestat\u0103 \u00een str\u0103in\u0103tate, \u00eens\u0103 cu privire la acest fapt vei fi informat separat. Informa\u021biile ob\u021binute pot fi furnizate entit\u0103\u021bilor colaboratoare, dac\u0103 acest lucru este necesar pentru realizarea serviciului.<\/p>\n<h3>Scopurile \u0219i temeiul prelucr\u0103rii datelor cu caracter personal <\/h3>\n<p>Prelucr\u0103m datele tale \u00een scopul:<br \/>\n1.\tAcord\u0103rii r\u0103spunsurilor la mesajele trimise cu ajutorul formularului de contact accesibil pe pagina web a Administratorului, prin intermediul aplica\u021biei Live Chat accesibil\u0103 pe site-ul web sau a altor  sisteme de mesagerie pe care le po\u021bi alege tu \u00eensu\u021bi, precum WhatsApp, Messenger sau altele. instantanee precum Messenger sau WhatsApp \u00een temeiul art. 6 al. 1 lit. f) GDPR \u2013 prelucrarea este necesar\u0103 \u00een scopul realiz\u0103rii intereselor legitime urm\u0103rite de administrator adic\u0103 construirea \u0219i dezvoltarea rela\u021biilor cu clien\u021bii no\u0219tri \u0219i urm\u0103rirea v\u00e2nz\u0103rii de bunuri \u0219i servicii;<br \/>\n2.\t\u00centreprinderea la cererea Ta a demersurilor \u00eenainte de \u00eencheierea unui contract de ex.trimiterea la cererea Ta a unei oferte de servicii a Administratorului adaptat\u0103 la nevoile Tale \u00een temeiul art. 6 al. 1 lit. b GDPR \u2013 prelucrarea este necesar\u0103 pentru executarea unui contract sau pentrua face demersuri la cererea Ta \u00eenainte de \u00eencheierea acestuia.<br \/>\n3.\tTrimiterea c\u0103tre Tine a comunic\u0103rilor de marketing, \u00een func\u021bie de ce canal de comunicare ai ales, pentru contact telefonic, SMS sau contact prin e-mail, \u00een scopul prezent\u0103rii ofertelor \u0219i a termenilor comerciali c\u00e2t \u0219i trimiterea de informa\u021bii personalizate despre produsele \u0219i serviciile Administratorului \u00een temeiul art. 6 al. 1 lit. a GDPR \u2013 adic\u0103 consim\u021b\u0103m\u00e2ntul T\u0103u acordat cu privire la primirea comunic\u0103rilor de marketing.<br \/>\n4.\t\u00eencheierea \u0219i implementarea unui contract ca parte a cooper\u0103rii  in regim de parteneriat (B2B) conform art. 6 sec. 1 lit. b) GDPR &#8211; prelucrarea datelor personale este necesar\u0103 pentru a \u00eencheia un contract sau a lua m\u0103suri la cererea dumneavoastr\u0103 \u00eenainte de \u00eencheierea acestuia.<br \/>\n5.\tDerularea \u0219i decontarea procesului de recrutare pentru postul la care aplica\u021bi, \u00een temeiul art. 6 sec. 1 lit. b GDPR &#8211; prelucrarea este necesar\u0103 pentru a lua m\u0103suri la solicitarea dumneavoastr\u0103 \u00eenainte de \u00eencheierea contractului \u0219i \u00een temeiul art. 6 sec. 1 lit. un GDPR, adic\u0103 pe baza consim\u021b\u0103m\u00e2ntului dumneavoastr\u0103 informat.<br \/>\n6.\tUtilizarea Panoului Clientului oferit de Administrator \u00een conformitate cu Regulamentul (Articolul 6, alineatul 1, litera b din GDPR).<br \/>\n7.\t\u00cencheierea \u0219i executarea unui contract \u00een cadrul cooper\u0103rii de tip parteneriat (B2B) conform Articolului 6, alineatul 1, litera b din GDPR \u2013 procesarea este necesar\u0103 pentru \u00eencheierea unui contract sau pentru a lua m\u0103suri la cererea dumneavoastr\u0103 \u00eenainte de \u00eencheierea acestuia.<br \/>\n8.\tOrganizarea \u0219i implementarea campaniei \u201eRecomand\u0103 \u0219i c\u00e2\u0219tig\u0103\u201d \u00een conformitate cu art. 6, alin. 1, lit. b) din GDPR \u2013 procesarea este necesar\u0103 pentru implementarea prevederilor Regulamentului campaniei \u201eRecomand\u0103 \u0219i c\u00e2\u0219tig\u0103,\u201d inclusiv pentru \u00eendeplinirea obliga\u021biilor ce revin administratorului, rezultate din con\u021binutul acestui Regulament; \u00een plus, datele sunt procesate \u00een leg\u0103tur\u0103 cu obliga\u021bia legal\u0103 ce revine administratorului, conform art. 6, alin. 1, lit. c) din GDPR.<br \/>\n9.\tDesf\u0103\u0219urarea \u0219i luarea deciziilor \u00een cadrul procesului de recrutare pentru pozi\u021bia la care aplica\u021bi, \u00een conformitate cu Articolul 6, alineatul 1, litera b din GDPR \u2013 procesarea este necesar\u0103 pentru a lua m\u0103suri la cererea dumneavoastr\u0103 \u00eenainte de \u00eencheierea contractului, \u00een conformitate cu Articolul 6, alineatul 1, litera c din GDPR \u2013 procesarea \u00een leg\u0103tur\u0103 cu obliga\u021bia legal\u0103 ce revine Operatorului \u0219i \u00een conformitate cu Articolul 6, alineatul 1, litera a din GDPR, respectiv pe baza consim\u021b\u0103m\u00e2ntului dumneavoastr\u0103 informat.<br \/>\nAdministratorul \u00ee\u0219i rezerv\u0103 dreptul de a lua leg\u0103tura cu tine prin telefon, e-mail sau alt mijloc de comunicare la alegerea ta, \u00een cazuri strict legate de \u00eendeplinirea clauzelor contractului dintre tine \u0219i Administrator.<\/p>\n<p>Datele cu caracter personal vor fi prelucrate \u00een timpul necesar pentru acordarea r\u0103spunsului la mesajul trimis prin intermediul formularului de contact, \u00eens\u0103 nu mai mult de 18 luni de la sf\u00e2r\u0219itul lunii, \u00een care a avut loc ultimul contact. \u00cen cazul prelucr\u0103rii datelor pe baz\u0103 de consim\u021b\u0103m\u00e2nt, datele vor fi prelucrate \u00een timpul necesar realiz\u0103rii scopului, pentru care au fost culese sau care a fost indicat \u00een con\u021binutul declara\u021biei separate de acordare a consim\u021b\u0103m\u00e2ntului, \u00een fiecare din cazuri \u00eens\u0103 nu mai mult dec\u00e2t  p\u00e2n\u0103 la anularea acesteia.<\/p>\n<p>Datele cu caracter personal colectate \u00een leg\u0103tur\u0103 cu contractul \u00eencheiat \u00een scopul punerii \u00een aplicare a acestuia \u0219i urm\u0103ririi revendic\u0103rilor p\u00e2n\u0103 la prescrip\u021bia revendic\u0103rilor din contract, \u00een conformitate cu prevederile Codului civil, care se aplic\u0103 \u0219i accesului la Panoul de clien\u021bi.<\/p>\n<p>Date necesare atingerii scopului pentru care au fost colectate, vor fi p\u0103strate, nu mai mult de 3 luni de la incheierea procesului de recrutare selectat sau pana la retragerea consimtamantului.<br \/>\nDup\u0103 \u00eencheierea contractului, cu termenele impuse de lege (ex. legisla\u021bia fiscal\u0103) &#8211; se aplic\u0103 datelor ob\u021binute \u00een baza acordurilor de cooperare.<br \/>\nV\u0103 rug\u0103m s\u0103 fi\u021bi informat c\u0103 \u00een cazul \u00een care nu furniza\u021bi Administratorului documenta\u021bia complet\u0103 necesar\u0103 efectu\u0103rii decont\u0103rii conform contractului \u00eencheiat sau \u00een lipsa unui contract pentru urm\u0103torul exerci\u021biu contabil, documenta\u021bia furnizat\u0103 de dumneavoastr\u0103 va fi \u0219tears\u0103 definitiv dup\u0103 12 luni. de la ultimul contact cu dumneavoastr\u0103.<\/p>\n<p>Vom pune datele Tale numai la dispozi\u021bia destinatarilor care sunt partenerii no\u0219tri de \u00eencredere precum companiile ce furnizeaz\u0103 \u0219i deservesc sistemele sau solu\u021biile noastre IT, care ne sprijin\u0103 \u00een deservirea paginii noastre web, furnizorilor de servicii de marketing \u0219i altor companii din cadrul grupului Euro-Tax.pl S.A.<\/p>\n<p>Te inform\u0103m de asemenea, c\u0103 datele Tale cu caracter personal nu vor fi transmise \u00een afara zonei SEE \u0219i nici nu vor fi puse la dispozi\u021bia organiza\u021biilor interna\u021bionale.<br \/>\nTotodat\u0103 inform\u0103m, c\u0103 \u00een cadrul procesului de prelucrare desf\u0103\u0219urat de noi nu are loc automatizarea lu\u0103rii deciziei, de ex. profilarea.<\/p>\n<h3>Cu noi e\u0219ti \u00een siguran\u021b\u0103!<\/h3>\n<p>\u0218tim c\u00e2t de important\u0103 este confiden\u021bialitatea pentru Tine, de aceea ne oblig\u0103m s\u0103 avem mare grij\u0103 de datele pe care ni le pui la dispozi\u021bie. Din clipa \u00een care ni le trimi\u021bi, noi suntem cei care r\u0103spundem de ele. Datele tale sunt protejate de noi cu ajutorul unor m\u0103suri de securitate tehnice \u0219i organizatorice.<\/p>\n<p>Din grija fa\u021b\u0103 de confiden\u021bialitatea Ta \u0219i pentru siguran\u021ba datelor Tale te asigur\u0103m de faptul, c\u0103 datele tale vor fi:<br \/>\n&#8211; prelucrate conform legii, \u00een mod corect \u0219i transparent pentru persoana, la care se refer\u0103,<br \/>\n&#8211; str\u00e2nse pentru scopuri bine definite \u00een prezentul document, concrete, clare, legal \u00eentemeiate \u0219i conforme cu acestea,<br \/>\n&#8211; nu vor fi supuse prelucr\u0103rii \u00een continuare neconforme cu scopurile de mai sus,<br \/>\n&#8211; sunt corecte din punct de vedere substan\u021bial, aplicate, limitate la ceea ce este necesar \u0219i adecvate \u00een raport cu scopurile pentru care sunt prelucrate,<br \/>\n&#8211; corecte \u0219i actualizate dup\u0103 cum este necesar<\/p>\n<p>Pe l\u00e2ng\u0103 aceasta:<br \/>\n-vom \u00eenceta s\u0103 culegem \u0219i s\u0103 prelucr\u0103m datele tale imediat dup\u0103 retragerea de c\u0103tre Tine a consim\u021b\u0103m\u00e2ntului privind prelucrarea lor,<br \/>\n&#8211; ne oblig\u0103m s\u0103 respect\u0103m cu stricte\u021be prevederile referitoare la protec\u021bia datelor cu caracter personal respectiv Legea privind Protec\u021bia Datelor cu Caracter Personal din 10 mai 2018 c\u00e2t i GDPR.<\/p>\n<h3>Totul depinde de Tine<\/h3>\n<p>Datorit\u0103 \u021aie putem s\u0103 ne dezvolt\u0103m re\u021beaua \u0219i s\u0103 ne \u00eembun\u0103t\u0103\u021bim serviciile prestate. Apreciem faptul, c\u0103 dore\u0219ti s\u0103 fi \u00een contact cu noi \u0219i c\u0103 ne pui la dispozi\u021bie datele tale, de aceea dorim s\u0103 te sim\u021bi \u00een siguran\u021b\u0103 \u0219i s\u0103 fi pe deplin con\u0219tient de faptul c\u0103, consim\u021b\u0103mintele acordate de Tine sunt benevole.<br \/>\nOricine, cine ne-a furnizat datele cu caracter personal are posibilitatea s\u0103 solicite \u00eencetarea prelucr\u0103rii lor \u0219i renun\u021barea la primirea pe viitor a informa\u021biilor comerciale prin po\u0219ta electronic\u0103, ini\u021bierea de c\u0103tre noi a convorbirilor telefonice \u0219i folosirea altor metode de comunicare direct\u0103 \u00een scopuri de marketing, prezentarea de oferte sau studii de pia\u021b\u0103.<br \/>\n\u00cen orice moment ai acces la informa\u021biile despre Tine care sunt \u00een posesia noastr\u0103. Ai dreptul s\u0103 le rectifici, transferi, \u0219tergi sau s\u0103 limitezi prelucrarea lor c\u00e2t \u0219i s\u0103 \u00ee\u021bi exprimi obiec\u021bia fa\u021b\u0103 de prelucrarea \u00een continuare a datelor. \u00cen cazul \u00eendoielii cu privire la respectarea drepturilor tale, ai de asemenea posibilitatea de a depune pl\u00e2ngere la autoritatea de supraveghere \u2013 ANSPDCP. Aceste drepturi \u00ee\u021bi revin \u0219i \u00een cazul prelucr\u0103rii corecte a datelor de c\u0103tre administrator.<\/p>\n<p>Pentru a avea acces la informa\u021biile pe care le pui la dispozi\u021bie, a face modific\u0103ri sau a solicita \u0219tergerea lor te \u00eencuraj\u0103m s\u0103 iei contactul direct cu compania noastr\u0103 \u2013 datele de contact le g\u0103se\u0219ti mai sus sau aici.  Vom face tot posibilul, pentru ca cererea Ta s\u0103 fie solu\u021bionat\u0103 \u00een cel mai scurt timp posibil.<\/p>\n<h3>Plicurile cookie<\/h3>\n<p>Pagina noastr\u0103 web folose\u0219te informa\u021biile salvate cu ajutorul plicurilor cookie sau a unor tehnologii asem\u0103n\u0103toare (de ex. Local Storage) \u00een scopuri statistice c\u00e2t \u0219i pentru profilarea comunic\u0103rilor de marketing conform nevoilor individuale ale utilizatorilor. De asemenea, \u0219i entit\u0103\u021bile care colaboreaz\u0103 cu noi le pot folosi, adic\u0103 agen\u021bii de publicitate, companiile de cercetare \u0219i sondare a pie\u021bei c\u00e2t \u0219i furnizorii de aplica\u021bii multimedia. Plicurile cookie nu con\u021bin informa\u021bii despre datele de contact ale utilizatorului.<\/p>\n<p>Cookie-urile colectate de site-ul web pot fi \u00eemp\u0103r\u021bite \u00een urm\u0103toarele tipuri \u00een func\u021bie de scopul utiliz\u0103rii lor:<br \/>\n&#8211; necesar: necesar pentru buna func\u021bionare a site-ului &#8211; fi\u0219iere prelucrate pe baza interesului legitim al administratorului (articolul 6 alineatul (1) lit. f) din GDPR) (\u00een func\u021bie de tip, sunt de sesiune sau sunt stocate 1 zi de la salvare);<br \/>\n&#8211; preferen\u021biale: v\u0103 permit s\u0103 ajusta\u021bi func\u021bionalitatea site-ului la nevoile \u0219i preferin\u021bele dumneavoastr\u0103 (articolul 6 alin. (1) lit. (a) din GDPR) (\u00een func\u021bie de tip, sunt permanente sau stocate timp de 1 zi de la salvare);<br \/>\n&#8211; statistice: ne permit s\u0103 studiem traficul de pe site, s\u0103 afl\u0103m despre preferin\u021bele utilizatorilor no\u0219tri, s\u0103 analiz\u0103m comportamentul acestora pe site \u0219i s\u0103 permit\u0103 interac\u021biunea cu re\u021bele \u0219i platforme externe &#8211; fi\u0219iere prelucrate pe baza consim\u021b\u0103m\u00e2ntului voluntar al utilizatorului (articolul 6 ( 1) (a) din GDPR) (\u00een func\u021bie de tip, acestea sunt fi\u0219iere de sesiune, permanente \u0219i stocate \u00een func\u021bie de tip de la 1 zi la 2 ani);<br \/>\n&#8211; marketing: ne permit s\u0103 adapt\u0103m reclamele \u0219i con\u021binutul afi\u0219at la preferin\u021bele utilizatorilor no\u0219tri \u0219i s\u0103 desf\u0103\u0219ur\u0103m campanii de marketing personalizate &#8211; fi\u0219iere prelucrate pe baza consim\u021b\u0103m\u00e2ntului voluntar al utilizatorului (articolul 6 alineatul (1) litera (a) din GDPR) (\u00een func\u021bie de tipul, sunt fi\u0219iere de sesiune, permanente sau stocate timp de 3 p\u00e2n\u0103 la 12 luni).<\/p>\n<p>P\u0103r\u021bile ter\u021be (furnizorii externi), printre care Google, \u00ee\u021bi pot afi\u0219a reclame referitoare la serviciile noastre pe site-urile web, care \u00ee\u0219i pun la dispozi\u021bie spa\u021biul publicitar. Furnizorii folosesc plicuri cookie pentru afi\u0219area reclamelor pe baza paginilor vizitate anterior de Tine.<\/p>\n<p>Exista posibilitatea bloc\u0103rii culegerii informa\u021biilor prin blocarea (dezactivarea) plicurilor cookie \u00een set\u0103rile calculatorului utilizatorului. Nu se recomand\u0103 \u00eens\u0103 aceast\u0103 solu\u021bie, deoarece ea poate avea o influen\u021b\u0103 negativ\u0103 asupra corectitudinii \u0219i\/sau a calit\u0103\u021bii de ac\u021bionare a unora dintre site-urile web.<\/p>\n<p>Pentru a dezactiva cookie-urile sau pentru a controla oricum utilizarea acestora, modifica\u021bi set\u0103rile browserului, astfel \u00eenc\u00e2t acesta s\u0103 nu accepte astfel de fi\u0219iere sau s\u0103 v\u0103 informeze despre transmiterea acestora. Informa\u021bii detaliate despre cum s\u0103 dezactiva\u021bi fi\u0219ierele dintr-un anumit browser web sunt disponibile pe site-ul web al operatorilor:<br \/>\n\u2022\t<a href=\"https:\/\/support.microsoft.com\/ro-ro\/windows\/modificarea-set%C4%83rilor-de-securitate-%C8%99i-de-confiden%C8%9Bialitate-pentru-internet-explorer-11-9528b011-664c-b771-d757-43a2b78b2afe#1TC=windows-7\">Internet Explorer<\/a><br \/>\n\u2022\t<a href=\"https:\/\/support.microsoft.com\/ro-ro\/windows\/microsoft-edge-navigarea-prin-date-%C8%99i-confiden%C8%9Bialitatea-bb8174ba-9d73-dcf2-9b4a-c582b4e640dd\">Microsoft Edge<\/a><br \/>\n\u2022\t<a href=\"https:\/\/support.mozilla.org\/ro\/products\/firefox\/privacy-and-security\">Mozilla Firefox<\/a><br \/>\n\u2022\t<a href=\"https:\/\/support.google.com\/chrome\/?hl=ro&#038;visit_id=638696798676617775-3873768927&#038;rd=2&#038;topic=3421431#topic=7439538\">Google Chrome<\/a><br \/>\n\u2022\t<a href=\"https:\/\/support.apple.com\/ro-ro\/guide\/safari\/sfri11471\/mac\">Safari<\/a><br \/>\n\u2022\t<a href=\"https:\/\/help.opera.com\/en\/latest\/web-preferences\/\">Opera<\/a><\/p>\n              <\/div>\n                      <\/div>\n        <\/div>\n      <\/section>\n\n    \n  \n<\/div>","protected":false},"excerpt":{"rendered":"","protected":false},"author":11,"featured_media":0,"parent":0,"menu_order":0,"comment_status":"closed","ping_status":"open","template":"","meta":{"footnotes":""},"wojewodztwo":[],"class_list":["post-76973","page","type-page","status-publish","hentry"],"aioseo_notices":[],"acf":[],"_links":{"self":[{"href":"https:\/\/euro-tax.com\/ro\/wp-json\/wp\/v2\/pages\/76973","targetHints":{"allow":["GET"]}}],"collection":[{"href":"https:\/\/euro-tax.com\/ro\/wp-json\/wp\/v2\/pages"}],"about":[{"href":"https:\/\/euro-tax.com\/ro\/wp-json\/wp\/v2\/types\/page"}],"author":[{"embeddable":true,"href":"https:\/\/euro-tax.com\/ro\/wp-json\/wp\/v2\/users\/11"}],"replies":[{"embeddable":true,"href":"https:\/\/euro-tax.com\/ro\/wp-json\/wp\/v2\/comments?post=76973"}],"version-history":[{"count":6,"href":"https:\/\/euro-tax.com\/ro\/wp-json\/wp\/v2\/pages\/76973\/revisions"}],"predecessor-version":[{"id":82510,"href":"https:\/\/euro-tax.com\/ro\/wp-json\/wp\/v2\/pages\/76973\/revisions\/82510"}],"wp:attachment":[{"href":"https:\/\/euro-tax.com\/ro\/wp-json\/wp\/v2\/media?parent=76973"}],"wp:term":[{"taxonomy":"wojewodztwo","embeddable":true,"href":"https:\/\/euro-tax.com\/ro\/wp-json\/wp\/v2\/wojewodztwo?post=76973"}],"curies":[{"name":"wp","href":"https:\/\/api.w.org\/{rel}","templated":true}]}}